{"id":1012,"date":"2020-08-25T11:38:02","date_gmt":"2020-08-25T09:38:02","guid":{"rendered":"http:\/\/www.revelateur-de-talents.fr\/?page_id=1012"},"modified":"2025-05-30T14:51:44","modified_gmt":"2025-05-30T12:51:44","slug":"mentions","status":"publish","type":"page","link":"https:\/\/www.revelateur-de-talents.fr\/index.php\/mentions\/","title":{"rendered":"mentions"},"content":{"rendered":"<p>[et_pb_section fb_built=\u00a0\u00bb1&Prime; _builder_version=\u00a0\u00bb4.16&Prime; _module_preset=\u00a0\u00bbdefault\u00a0\u00bb custom_margin=\u00a0\u00bb16px||||false|false\u00a0\u00bb custom_padding=\u00a0\u00bb||||false|false\u00a0\u00bb da_disable_devices=\u00a0\u00bboff|off|off\u00a0\u00bb global_colors_info=\u00a0\u00bb{}\u00a0\u00bb da_is_popup=\u00a0\u00bboff\u00a0\u00bb da_exit_intent=\u00a0\u00bboff\u00a0\u00bb da_has_close=\u00a0\u00bbon\u00a0\u00bb da_alt_close=\u00a0\u00bboff\u00a0\u00bb da_dark_close=\u00a0\u00bboff\u00a0\u00bb da_not_modal=\u00a0\u00bbon\u00a0\u00bb da_is_singular=\u00a0\u00bboff\u00a0\u00bb da_with_loader=\u00a0\u00bboff\u00a0\u00bb da_has_shadow=\u00a0\u00bbon\u00a0\u00bb][et_pb_row _builder_version=\u00a0\u00bb4.16&Prime; _module_preset=\u00a0\u00bbdefault\u00a0\u00bb global_colors_info=\u00a0\u00bb{}\u00a0\u00bb][et_pb_column type=\u00a0\u00bb4_4&Prime; _builder_version=\u00a0\u00bb4.16&Prime; _module_preset=\u00a0\u00bbdefault\u00a0\u00bb global_colors_info=\u00a0\u00bb{}\u00a0\u00bb][et_pb_text _builder_version=\u00a0\u00bb4.16&Prime; _module_preset=\u00a0\u00bbdefault\u00a0\u00bb header_2_font_size_tablet=\u00a0\u00bb22px\u00a0\u00bb header_2_font_size_phone=\u00a0\u00bb22px\u00a0\u00bb header_2_font_size_last_edited=\u00a0\u00bbon|desktop\u00a0\u00bb global_colors_info=\u00a0\u00bb{}\u00a0\u00bb]<\/p>\n<h2>MENTIONS L\u00c9GALES ET POLITIQUE DE CONFIDENTIALIT\u00c9<\/h2>\n<h3><span style=\"text-decoration: underline;\">Identification du site<\/span><\/h3>\n<p>R\u00e9v\u00e9lateur de talents (<a href=\"http:\/\/www.revelateur-de-talents.fr\">www.revelateur-de-talents.fr)<\/a><\/p>\n<h3><span style=\"text-decoration: underline;\"><\/span><\/h3>\n<h3><span style=\"text-decoration: underline;\">Conception du site<\/span><\/h3>\n<p>R\u00e9alisation : Serge MARDIROSSIAN<br \/>Cr\u00e9dit photos : Sophie SADELER<br \/>Propri\u00e9taire du site : Sophie SADELER<\/p>\n<h3><span style=\"text-decoration: underline;\">Si\u00e8ge<\/span><\/h3>\n<p>56, rue Louis Cr\u00e9tois<br \/>72100 LE MANS<br \/>Tel : 06 40 52 98 08<\/p>\n<p>N\u00b0 SIRET : 878 026 178 00011<br \/>Code APE : 9609Z<\/p>\n<h3><span style=\"text-decoration: underline;\">H\u00e9bergeur<\/span><\/h3>\n<p>OVH SAS<br \/>2, rue Kellermann<br \/>59100 ROUBAIX<br \/>FRANCE<\/p>\n<h3><span style=\"text-decoration: underline;\">Donn\u00e9es personnelles<\/span><\/h3>\n<p style=\"text-align: justify;\">Les seules donn\u00e9es personnelles que nous sommes susceptibles de recueillir via le site www.revelateur-de-talents.fr proviennent des formulaires mis \u00e0 disposition de l\u2019utilisateur sur ce site. Ces donn\u00e9es sont r\u00e9duites au strict n\u00e9cessaire (nom, t\u00e9l\u00e9phone, adresse email). Elles ne sont ni publi\u00e9es, ni \u00e9chang\u00e9es, ni transf\u00e9r\u00e9es, ni c\u00e9d\u00e9es ou vendues sur un support quelconque \u00e0 des tiers.<\/p>\n<p style=\"text-align: justify;\">Conform\u00e9ment \u00e0 la loi fran\u00e7aise n\u00b078-17 du 6 janvier 1978, dite Loi Informatique et Libert\u00e9, modifi\u00e9e en 2004, tout utilisateur ayant d\u00e9pos\u00e9 sur ce site des informations directement ou indirectement nominatives, peut faire valoir son droit d\u2019acc\u00e8s, de rectification, d\u2019interrogation ou d\u2019opposition en envoyant un email \u00e0 Sophie Sadeler \u2013 <a href=\"mailto:revelateurdetalents@outlook.fr\">revelateurdetalents@outlook.fr<\/a><\/p>\n<h3><span style=\"text-decoration: underline;\">Propri\u00e9t\u00e9 intellectuelle<\/span><\/h3>\n<p style=\"text-align: justify;\">Tout le contenu du pr\u00e9sent site <a href=\"http:\/\/www.revelateur-de-talents.fr\">www.revelateur-de-talents.fr<\/a> incluant, de fa\u00e7on non limitative, le site, les textes, les photos, le logo (cr\u00e9\u00e9 par Cr\u00e9ation Logo : <a href=\"http:\/\/www.creation-logo.net\">www.creation-logo.net<\/a>) et les fichiers t\u00e9l\u00e9chargeables sont la propri\u00e9t\u00e9 exclusive de Sophie Sadeler.<\/p>\n<p style=\"text-align: justify;\">Ce site et les \u00e9l\u00e9ments qui le composent constituent des \u0153uvres prot\u00e9g\u00e9es par la l\u00e9gislation fran\u00e7aise et les conventions internationales relatives au droit d\u2019auteur et \u00e0 la propri\u00e9t\u00e9 intellectuelle. Toute reproduction, diffusion, modification, adaptation, retransmission ou publication, m\u00eame partielle, de ces diff\u00e9rents \u00e9l\u00e9ments, pour un usage autre que strictement priv\u00e9, est strictement interdite sans l\u2019accord expr\u00e8s par \u00e9crit de Sophie Sadeler.<\/p>\n<p>[\/et_pb_text][\/et_pb_column][\/et_pb_row][et_pb_row _builder_version=\u00a0\u00bb4.16&Prime; _module_preset=\u00a0\u00bbdefault\u00a0\u00bb custom_padding=\u00a0\u00bb||7px|||\u00a0\u00bb global_colors_info=\u00a0\u00bb{}\u00a0\u00bb][et_pb_column type=\u00a0\u00bb4_4&Prime; _builder_version=\u00a0\u00bb4.16&Prime; _module_preset=\u00a0\u00bbdefault\u00a0\u00bb global_colors_info=\u00a0\u00bb{}\u00a0\u00bb][et_pb_divider color=\u00a0\u00bb#000000&Prime; _builder_version=\u00a0\u00bb4.16&Prime; _module_preset=\u00a0\u00bbdefault\u00a0\u00bb global_colors_info=\u00a0\u00bb{}\u00a0\u00bb][\/et_pb_divider][\/et_pb_column][\/et_pb_row][et_pb_row module_id=\u00a0\u00bbcgv\u00a0\u00bb _builder_version=\u00a0\u00bb4.16&Prime; _module_preset=\u00a0\u00bbdefault\u00a0\u00bb global_colors_info=\u00a0\u00bb{}\u00a0\u00bb][et_pb_column type=\u00a0\u00bb4_4&Prime; _builder_version=\u00a0\u00bb4.16&Prime; _module_preset=\u00a0\u00bbdefault\u00a0\u00bb global_colors_info=\u00a0\u00bb{}\u00a0\u00bb][et_pb_text admin_label=\u00a0\u00bbCGV\u00a0\u00bb _builder_version=\u00a0\u00bb4.18.0&Prime; _module_preset=\u00a0\u00bbdefault\u00a0\u00bb global_colors_info=\u00a0\u00bb{}\u00a0\u00bb]<\/p>\n<h1>CONDITIONS GENERALES DE VENTE<\/h1>\n<p>version actualis\u00e9e le 13\/08\/2023<\/p>\n<p>Entreprise individuelle\u00a0 :<br \/>Sophie SADELER<br \/>Cabinet R\u00e9v\u00e9lateur de Talents<br \/>56 rue Louis Cr\u00e9tois<br \/>72100 LE MANS<br \/>Tel : 06 40 52 98 08<\/p>\n<p><a href=\"http:\/\/www.revelateur-de-talents.fr\">www.revelateur-de-talents.fr<\/a><br \/><a href=\"mailto:revelateurdetalents@outlook.fr\">revelateurdetalents@outlook.fr<\/a><\/p>\n<p>SIRET n\u00b0 878\u00a0026\u00a0178\u00a0000 11<\/p>\n<p>&nbsp;<\/p>\n<h3>Article 1 : d\u00e9finitions<\/h3>\n<p>Client : cocontractant de Sophie SADELER (Cabinet R\u00e9v\u00e9lateur de Talents)<\/p>\n<p>Formation : Bilan de comp\u00e9tences exclusivement<\/p>\n<p>Contrat\u00a0: convention de formation professionnelle conclue entre le client et le Cabinet R\u00e9v\u00e9lateur de Talents.<\/p>\n<h3>Article 2 : objet et champ d&rsquo;application<\/h3>\n<p style=\"text-align: justify;\">Les Conditions G\u00e9n\u00e9rales de Vente (CGV) d\u00e9crites ci-apr\u00e8s d\u00e9taillent les droits et obligations de Sophie SADELER (Cabinet R\u00e9v\u00e9lateur de Talents)<\/p>\n<p style=\"text-align: justify;\">Code APE 9609Z : \u00ab Autres services personnels n.c.a. \u00bb<\/p>\n<p style=\"text-align: justify;\">Toute personne peut consulter les Conditions G\u00e9n\u00e9rales de Vente de Sophie SADELER (Cabinet R\u00e9v\u00e9lateur de Talents) sur le site Internet : <a href=\"http:\/\/www.revelateur-de-talents.fr\/index.php\/mentions\/#cgv\">www.revelateur-de-talents.fr<\/a>. Ce site internet porte toujours la derni\u00e8re version \u00e0 la connaissance de tous. Ces CGV concernent les formations en pr\u00e9sentiel, distanciel et mixte.<\/p>\n<p style=\"text-align: justify;\">Toute prestation accomplie par Sophie SADELER (Cabinet R\u00e9v\u00e9lateur de Talents) pour le compte d\u2019un client implique que le client ait pris connaissance des pr\u00e9sentes Conditions G\u00e9n\u00e9rales de Vente et qu\u2019il adh\u00e8re sans r\u00e9serve \u00e0 ces m\u00eames conditions. Le client renonce ainsi \u00e0 toute application de ses \u00e9ventuelles conditions g\u00e9n\u00e9rales d\u2019achat.<\/p>\n<h3>Article 3 : documents contractuels<\/h3>\n<p style=\"text-align: justify;\">Sophie SADELER \u2013 Cabinet R\u00e9v\u00e9lateur de Talents adresse \u00e0 son client un devis, un contrat ou une convention pour la r\u00e9alisation d\u2019un Bilan de comp\u00e9tences r\u00e9dig\u00e9e selon les articles L6353-1 et L6353-2 du Code du Travail que ce dernier renvoie dat\u00e9 et sign\u00e9 dans les plus brefs d\u00e9lais \u00e0 Sophie SADELER \u2013 Cabinet R\u00e9v\u00e9lateur de Talents.<\/p>\n<p style=\"text-align: justify;\">A compter de la date de signature du contrat ou de la convention, le client dispose d\u2019un d\u00e9lai de 11 jours pour se r\u00e9tracter. Ce d\u00e9lai est port\u00e9 \u00e0 14 jours pour les contrats sign\u00e9s \u00ab \u00e0 distance \u00bb et\/ou conclus \u00ab hors \u00e9tablissement \u00bb (article L.121-16 du Code de la consommation).<\/p>\n<p>Le contrat pr\u00e9cise l\u2019objet, les objectifs, la dur\u00e9e, les modalit\u00e9s de d\u00e9roulement, les moyens et m\u00e9thodes p\u00e9dagogiques et les dispositions financi\u00e8res de la formation.<\/p>\n<h3>Article 4 : conditions financi\u00e8res<\/h3>\n<p style=\"text-align: justify;\">Le prix des prestations ex\u00e9cut\u00e9es est mentionn\u00e9 sur le devis accept\u00e9 et sign\u00e9 par le client durant la dur\u00e9e de validit\u00e9 du devis (validit\u00e9 de 15 jours \u00e0 compter de sa date d\u2019\u00e9mission). Les prix sont libell\u00e9s en euros et calcul\u00e9s hors taxes. Ils ne sont pas major\u00e9s du taux de TVA (article 293 B du CGI).<\/p>\n<p style=\"text-align: justify;\">Le stagiaire peut rompre le contrat en cas de force majeure d\u00fbment reconnue. Dans ce cas, seules les s\u00e9ances effectivement dispens\u00e9es sont pay\u00e9es, \u00e0 due proportion de leur valeur pr\u00e9vue au contrat.<\/p>\n<h3>Article 5 : modalit\u00e9s de paiement<\/h3>\n<p style=\"text-align: justify;\">Pour tous les r\u00e8glements, autres qu\u2019\u00e0 titre priv\u00e9, les factures sont payables trente (30) jours calendaires \u00e0 compter de la date d\u2019\u00e9mission de la facture, sans escompte.<\/p>\n<p style=\"text-align: justify;\">Des facilit\u00e9s de paiement en plusieurs fois peuvent \u00eatre propos\u00e9es au client qui finance son bilan de comp\u00e9tences \u00e0 titre priv\u00e9. L\u2019\u00e9ch\u00e9ancier sera inscrit sur le devis (paiement en 4 fois) :<\/p>\n<p style=\"text-align: justify;\">25 % \u00e0 l\u2019issue de la premi\u00e8re s\u00e9ance, 25 % \u00e0 l\u2019issue de la troisi\u00e8me s\u00e9ance, 25 % \u00e0 l\u2019issue de la cinqui\u00e8me s\u00e9ance et les 25 % restants \u00e0 l\u2019issue de la derni\u00e8re s\u00e9ance.<\/p>\n<p>Les r\u00e8glements s\u2019effectuent :<\/p>\n<ul>\n<li>soit par ch\u00e8que, libell\u00e9 \u00e0 l\u2019ordre de \u00ab Sophie SADELER \u00bb et adress\u00e9 au 56 rue Louis Cr\u00e9tois 72100 Le Mans ou remis en main propre ;<\/li>\n<li>soit par virement bancaire (un RIB sera adress\u00e9 sur simple demande) ;<\/li>\n<li>soit en esp\u00e8ces (uniquement sur le lieu et au moment de l\u2019ex\u00e9cution des prestations). Aucun envoi d\u2019esp\u00e8ces par voie postale.<\/li>\n<\/ul>\n<p style=\"text-align: justify;\">P\u00e9nalit\u00e9s de retard : en cas de retard de paiement, une indemnit\u00e9 calcul\u00e9e sur la base de trois fois le taux de l\u2019int\u00e9r\u00eat l\u00e9gal en vigueur ainsi qu\u2019une indemnit\u00e9 forfaitaire pour frais de recouvrement de 50 euros seront exigibles, conform\u00e9ment \u00e0 l\u2019article L 441-6 du code du commerce d\u00e8s r\u00e9ception de l\u2019avis informant le client qu\u2019elles ont \u00e9t\u00e9 port\u00e9es \u00e0 son d\u00e9bit.<\/p>\n<h3>Article 6 : r\u00e8glement par un OPCO<\/h3>\n<p style=\"text-align: justify;\">Dans le cas o\u00f9 le client souhaiterait solliciter l\u2019OPCO dont il d\u00e9pend pour le r\u00e8glement de son Bilan de comp\u00e9tences, le client doit faire la demande de prise en charge avant le d\u00e9but du Bilan et s\u2019assurer de l\u2019accord de son OPCO. Si l&rsquo;OPCO ne prend en charge le co\u00fbt du Bilan de comp\u00e9tences que partiellement, le reliquat sera factur\u00e9 au client. Si Sophie SADELER \u2013 Cabinet R\u00e9v\u00e9lateur de Talents n\u2019a pas re\u00e7u l\u2019accord de prise en charge de l\u2019OPCO pour la premi\u00e8re s\u00e9ance du Bilan de comp\u00e9tences, le Client sera factur\u00e9 de l\u2019int\u00e9gralit\u00e9 du montant du Bilan de Comp\u00e9tences, charge \u00e0 ce dernier de se faire rembourser tout ou partie de son Bilan de Comp\u00e9tences sur pr\u00e9sentation des justificatifs (contrat\/convention, feuille \u00e9margement, etc.).<\/p>\n<h3>Article 7 : escompte<\/h3>\n<p style=\"text-align: justify;\">Aucun escompte ne sera consenti en cas de paiement anticip\u00e9.<\/p>\n<h3>Article 8 : force majeure<\/h3>\n<p style=\"text-align: justify;\">La responsabilit\u00e9 de Sophie SADELER (Cabinet R\u00e9v\u00e9lateur de Talents) ne pourra pas \u00eatre mise en \u0153uvre si la non-ex\u00e9cution, ou le retard dans l\u2019ex\u00e9cution de la prestation command\u00e9e ou de l\u2019une des obligations d\u00e9crites dans les pr\u00e9sentes conditions g\u00e9n\u00e9rales de vente d\u00e9coule d\u2019un cas de force majeure. \u00c0 ce titre, la force majeure s\u2019entend de tout \u00e9v\u00e9nement ext\u00e9rieur, impr\u00e9visible et irr\u00e9sistible au sens de l\u2019article 1148 du code civil.<\/p>\n<p style=\"text-align: justify;\">Ainsi, Sophie SADELER (Cabinet R\u00e9v\u00e9lateur de Talents) n\u2019est pas responsable, notamment en cas d\u2019accident, d\u2019incendie, d\u2019inondation, d\u2019interruption de la fourniture d\u2019\u00e9nergie, de mati\u00e8res premi\u00e8res ou de mat\u00e9riels, ainsi qu\u2019en cas de confinement, gr\u00e8ves totales ou partielles de toute nature entravant la bonne marche des activit\u00e9s de Sophie SADELER (Cabinet R\u00e9v\u00e9lateur de Talents) , telles que les gr\u00e8ves des transports, des services postaux, des fournisseurs en \u00e9nergie, des t\u00e9l\u00e9communications, etc.<\/p>\n<p style=\"text-align: justify;\">La survenance d\u2019un cas de force majeure a pour effet de suspendre l\u2019ex\u00e9cution par Sophie SADELER (Cabinet R\u00e9v\u00e9lateur de Talents) des obligations contractuelles du devis, de la commande ou des pr\u00e9sentes conditions g\u00e9n\u00e9rales de vente.<\/p>\n<h3>Article 9 : obligations et responsabilit\u00e9s<\/h3>\n<p style=\"text-align: justify;\">9.1 La responsabilit\u00e9 du Cabinet R\u00e9v\u00e9lateur de Talents ne peut \u00eatre engag\u00e9e qu\u2019en cas de faute ou de n\u00e9gligence prouv\u00e9e et sera limit\u00e9e aux pr\u00e9judices directs subis par le Client, \u00e0 l\u2019exclusion de tout pr\u00e9judice indirect, de quelque nature que ce soit et notamment toute perte de chance, de client\u00e8le, de r\u00e9sultat, d\u2019exploitation, de pr\u00e9judice commercial. Le Cabinet R\u00e9v\u00e9lateur de Talents s\u2019engage \u00e0 fournir une formation avec diligence et soin. S\u2019agissant d\u2019une prestation intellectuelle, le Cabinet R\u00e9v\u00e9lateur de Talents n\u2019est tenu qu\u2019\u00e0 une obligation de moyen. En toutes hypoth\u00e8ses, la responsabilit\u00e9 du Cabinet R\u00e9v\u00e9lateur de Talents, au titre ou \u00e0 l\u2019occasion de la formation, sera limit\u00e9e au prix total de la formation.<\/p>\n<p style=\"text-align: justify;\">9.2 Le Client s\u2019engage \u00e0 payer le prix de la formation. Il s\u2019engage aussi \u00e0 n\u2019effectuer aucune reproduction de mat\u00e9riel ou document dont les droits d\u2019auteur appartiennent au Cabinet R\u00e9v\u00e9lateur de Talents, sans l\u2019accord \u00e9crit et pr\u00e9alable du Cabinet R\u00e9v\u00e9lateur de Talents. Le Client s\u2019engage enfin \u00e0 ne pas utiliser de mat\u00e9riel d\u2019enregistrement audio ou vid\u00e9o lors des formations, sans l\u2019accord \u00e9crit et pr\u00e9alable du Cabinet R\u00e9v\u00e9lateur de Talents.<\/p>\n<h3>Article 10 : protection des donn\u00e9es personnelles<\/h3>\n<p style=\"text-align: justify;\">10.1 Le Cabinet R\u00e9v\u00e9lateur de Talents prend tr\u00e8s au s\u00e9rieux le respect de la vie priv\u00e9e et la protection des donn\u00e9es \u00e0 caract\u00e8re personnel de ses Clients et s\u2019engage \u00e0 mettre en oeuvre les mesures ad\u00e9quates pour assurer la protection des donn\u00e9es \u00e0 caract\u00e8re personnel, \u00e0 traiter et utiliser de telles donn\u00e9es dans le respect des dispositions applicables et notamment du R\u00e8glement Europ\u00e9en 2016\/679 du 27 avril 2016 et de la loi n\u00b0 78-17 modifi\u00e9e du 6 janvier 1978, dite \u00ab Loi Informatique et libert\u00e9s \u00bb .<\/p>\n<p style=\"text-align: justify;\">10.2 Les Donn\u00e9es font l\u2019objet d\u2019un traitement informatique par Sophie SADELER, Fondatrice et dirigeante, agissant en qualit\u00e9 de responsable de traitement. Les donn\u00e9es sont conserv\u00e9es pendant la dur\u00e9e n\u00e9cessaire \u00e0 l\u2019accomplissement des finalit\u00e9s de la formation. Pour les stricts besoins de la gestion administrative, ces donn\u00e9es peuvent \u00eatre communiqu\u00e9es \u00e0 la DREETS (ex. Bilan P\u00e9dagogique et Financier). A cette exception pr\u00e8s, les donn\u00e9es ne sont ni publi\u00e9es, ni \u00e9chang\u00e9es, ni transf\u00e9r\u00e9es, ni c\u00e9d\u00e9es ou vendues sur un support quelconque \u00e0 des tiers.<\/p>\n<h3>Article 11 : communication publique<\/h3>\n<p style=\"text-align: justify;\">Le Client autorise le Cabinet R\u00e9v\u00e9lateur de Talents \u00e0 utiliser son pr\u00e9nom comme r\u00e9f\u00e9rence commerciale sur tout support ou \u00e0 toute occasion dans un but marketing et\/ou publicitaire et sans autorisation pr\u00e9alable. Cette mention est uniquement pour faire preuve du travail de prestataire ex\u00e9cut\u00e9 pour lui.<\/p>\n<h3>Article 12 : renseignements et r\u00e9clamations<\/h3>\n<p style=\"text-align: justify;\">Toute demande ou r\u00e9clamation du Client relative aux CGV devra \u00eatre formul\u00e9e par \u00e9crit au Cabinet R\u00e9v\u00e9lateur de Talents \u2013 Tel : 06 40 52 98 08 \u2013 email : <a href=\"mailto:revelateurdetalents@outlook.fr\">revelateurdetalents@outlook.fr<\/a> qui s\u2019efforcera d\u2019y r\u00e9pondre dans les meilleurs d\u00e9lais.<\/p>\n<h3>Article 13 : m\u00e9diation de la consommation.<\/h3>\n<p style=\"text-align: justify;\">En cas de litige non r\u00e9solu par une solution amiable et ayant fait l\u2019objet d\u2019une r\u00e9clamation \u00e9crite adress\u00e9e par le client au Cabinet R\u00e9v\u00e9lateur de Talents, le client pourra soumettre le diff\u00e9rend au m\u00e9diateur de la consommation dont les coordonn\u00e9es sont les suivantes :<br \/>CM2C<br \/>14 rue Saint Jean<br \/>75017 Paris<br \/>01.89.47.00.14<\/p>\n<h3>Article 14 : attribution de comp\u00e9tences<\/h3>\n<p style=\"text-align: justify;\">Tout litige relatif \u00e0 l\u2019interpr\u00e9tation et \u00e0 l\u2019ex\u00e9cution des pr\u00e9sentes conditions g\u00e9n\u00e9rales de vente qui ne pourrait \u00eatre r\u00e9gl\u00e9 \u00e0 l\u2019amiable entre le Client et le Cabinet R\u00e9v\u00e9lateur de Talents dans un d\u00e9lai de soixante jours (60) compt\u00e9 \u00e0 partir de la date de la premi\u00e8re pr\u00e9sentation de la lettre recommand\u00e9e avec accus\u00e9 de r\u00e9ception que la partie soulevant le diff\u00e9rend devra avoir adress\u00e9e \u00e0 l\u2019autre, sera port\u00e9 devant le tribunal de commerce du Mans (72).<\/p>\n<p>Fait au Mans, le 13 ao\u00fbt 2023<\/p>\n<p>Sophie SADELER<br \/>Cabinet R\u00e9v\u00e9lateur de Talents<br \/>Fondatrice et Dirigeante<\/p>\n<p>[\/et_pb_text][\/et_pb_column][\/et_pb_row][et_pb_row admin_label=\u00a0\u00bbSection reglement\u00a0\u00bb module_id=\u00a0\u00bbreglement\u00a0\u00bb _builder_version=\u00a0\u00bb4.16&Prime; _module_preset=\u00a0\u00bbdefault\u00a0\u00bb custom_padding=\u00a0\u00bb||7px|||\u00a0\u00bb global_colors_info=\u00a0\u00bb{}\u00a0\u00bb][et_pb_column type=\u00a0\u00bb4_4&Prime; _builder_version=\u00a0\u00bb4.16&Prime; _module_preset=\u00a0\u00bbdefault\u00a0\u00bb global_colors_info=\u00a0\u00bb{}\u00a0\u00bb][et_pb_text _builder_version=\u00a0\u00bb4.16&Prime; _module_preset=\u00a0\u00bbdefault\u00a0\u00bb global_colors_info=\u00a0\u00bb{}\u00a0\u00bb]<\/p>\n<h1>REGLEMENTS INTERIEURS BILAN DE COMPETENCES<\/h1>\n<p>Cliquez sur les boutons ci-dessous pour t\u00e9l\u00e9charger le r\u00e8glement int\u00e9rieur relatif aux bilans de comp\u00e9tences<\/p>\n<p>[\/et_pb_text][\/et_pb_column][\/et_pb_row][et_pb_row column_structure=\u00a0\u00bb1_3,1_3,1_3&Prime; admin_label=\u00a0\u00bbSECTION_BOUTONS_REGLEMENT\u00a0\u00bb _builder_version=\u00a0\u00bb4.22.2&Prime; _module_preset=\u00a0\u00bbdefault\u00a0\u00bb custom_margin=\u00a0\u00bb|auto|30px|auto||\u00a0\u00bb custom_padding=\u00a0\u00bb10px|||||\u00a0\u00bb global_colors_info=\u00a0\u00bb{}\u00a0\u00bb][et_pb_column type=\u00a0\u00bb1_3&Prime; _builder_version=\u00a0\u00bb4.16&Prime; _module_preset=\u00a0\u00bbdefault\u00a0\u00bb global_colors_info=\u00a0\u00bb{}\u00a0\u00bb][et_pb_button button_url=\u00a0\u00bbhttps:\/\/www.revelateur-de-talents.fr\/wp-content\/uploads\/2023\/08\/REGLEMENT-INTERIEUR-EP.pdf\u00a0\u00bb button_text=\u00a0\u00bbR\u00e8glement int\u00e9rieur pr\u00e9sentiel\u00a0\u00bb button_alignment=\u00a0\u00bbcenter\u00a0\u00bb _builder_version=\u00a0\u00bb4.22.2&Prime; _module_preset=\u00a0\u00bbdefault\u00a0\u00bb custom_button=\u00a0\u00bbon\u00a0\u00bb button_border_radius=\u00a0\u00bb27px\u00a0\u00bb hover_enabled=\u00a0\u00bb0&Prime; button_border_radius_tablet=\u00a0\u00bb\u00a0\u00bb button_border_radius_phone=\u00a0\u00bb\u00a0\u00bb button_border_radius_last_edited=\u00a0\u00bbon|phone\u00a0\u00bb global_colors_info=\u00a0\u00bb{}\u00a0\u00bb url_new_window=\u00a0\u00bbon\u00a0\u00bb sticky_enabled=\u00a0\u00bb0&Prime;][\/et_pb_button][\/et_pb_column][et_pb_column type=\u00a0\u00bb1_3&Prime; _builder_version=\u00a0\u00bb4.16&Prime; _module_preset=\u00a0\u00bbdefault\u00a0\u00bb global_colors_info=\u00a0\u00bb{}\u00a0\u00bb][et_pb_button button_url=\u00a0\u00bbhttps:\/\/www.revelateur-de-talents.fr\/wp-content\/uploads\/2025\/05\/REGLEMENT-INTERIEUR-A-DISTANCE.pdf\u00a0\u00bb button_text=\u00a0\u00bbR\u00e8glement int\u00e9rieur \u00e0 distance\u00a0\u00bb button_alignment=\u00a0\u00bbcenter\u00a0\u00bb _builder_version=\u00a0\u00bb4.22.2&Prime; _module_preset=\u00a0\u00bbdefault\u00a0\u00bb custom_button=\u00a0\u00bbon\u00a0\u00bb button_border_radius=\u00a0\u00bb27px\u00a0\u00bb hover_enabled=\u00a0\u00bb0&Prime; button_border_radius_tablet=\u00a0\u00bb\u00a0\u00bb button_border_radius_phone=\u00a0\u00bb\u00a0\u00bb button_border_radius_last_edited=\u00a0\u00bbon|phone\u00a0\u00bb global_colors_info=\u00a0\u00bb{}\u00a0\u00bb sticky_enabled=\u00a0\u00bb0&Prime; url_new_window=\u00a0\u00bbon\u00a0\u00bb][\/et_pb_button][\/et_pb_column][et_pb_column type=\u00a0\u00bb1_3&Prime; _builder_version=\u00a0\u00bb4.16&Prime; _module_preset=\u00a0\u00bbdefault\u00a0\u00bb global_colors_info=\u00a0\u00bb{}\u00a0\u00bb][et_pb_button button_url=\u00a0\u00bbhttps:\/\/www.revelateur-de-talents.fr\/wp-content\/uploads\/2025\/05\/REGLEMENT-INTERIEUR-MIXTE.pdf\u00a0\u00bb button_text=\u00a0\u00bbR\u00e8glement int\u00e9rieur mixte\u00a0\u00bb button_alignment=\u00a0\u00bbcenter\u00a0\u00bb _builder_version=\u00a0\u00bb4.22.2&Prime; _module_preset=\u00a0\u00bbdefault\u00a0\u00bb custom_button=\u00a0\u00bbon\u00a0\u00bb button_border_radius=\u00a0\u00bb27px\u00a0\u00bb hover_enabled=\u00a0\u00bb0&Prime; button_border_radius_tablet=\u00a0\u00bb\u00a0\u00bb button_border_radius_phone=\u00a0\u00bb\u00a0\u00bb button_border_radius_last_edited=\u00a0\u00bbon|phone\u00a0\u00bb global_colors_info=\u00a0\u00bb{}\u00a0\u00bb url_new_window=\u00a0\u00bbon\u00a0\u00bb sticky_enabled=\u00a0\u00bb0&Prime;][\/et_pb_button][\/et_pb_column][\/et_pb_row][et_pb_row _builder_version=\u00a0\u00bb4.16&Prime; _module_preset=\u00a0\u00bbdefault\u00a0\u00bb global_colors_info=\u00a0\u00bb{}\u00a0\u00bb][et_pb_column type=\u00a0\u00bb4_4&Prime; _builder_version=\u00a0\u00bb4.16&Prime; _module_preset=\u00a0\u00bbdefault\u00a0\u00bb global_colors_info=\u00a0\u00bb{}\u00a0\u00bb][et_pb_button button_url=\u00a0\u00bb@ET-DC@eyJkeW5hbWljIjp0cnVlLCJjb250ZW50IjoicG9zdF9saW5rX3VybF9wYWdlIiwic2V0dGluZ3MiOnsicG9zdF9pZCI6IjEwNCJ9fQ==@\u00a0\u00bb button_text=\u00a0\u00bbRetour \u00e0 l&rsquo;accueil\u00a0\u00bb button_alignment=\u00a0\u00bbcenter\u00a0\u00bb _builder_version=\u00a0\u00bb4.16&Prime; _dynamic_attributes=\u00a0\u00bbbutton_url\u00a0\u00bb _module_preset=\u00a0\u00bbdefault\u00a0\u00bb custom_button=\u00a0\u00bbon\u00a0\u00bb button_border_radius=\u00a0\u00bb27px\u00a0\u00bb button_border_radius_tablet=\u00a0\u00bb\u00a0\u00bb button_border_radius_phone=\u00a0\u00bb\u00a0\u00bb button_border_radius_last_edited=\u00a0\u00bbon|phone\u00a0\u00bb global_colors_info=\u00a0\u00bb{}\u00a0\u00bb][\/et_pb_button][\/et_pb_column][\/et_pb_row][\/et_pb_section]<\/p>\n<span class=\"et_bloom_bottom_trigger\"><\/span>","protected":false},"excerpt":{"rendered":"<p>MENTIONS L\u00c9GALES ET POLITIQUE DE CONFIDENTIALIT\u00c9 Identification du site R\u00e9v\u00e9lateur de talents (www.revelateur-de-talents.fr) Conception du site R\u00e9alisation : Serge MARDIROSSIANCr\u00e9dit photos : Sophie SADELERPropri\u00e9taire du site : Sophie SADELER Si\u00e8ge 56, rue Louis Cr\u00e9tois72100 LE MANSTel : 06 40 52 98 08 N\u00b0 SIRET : 878 026 178 00011Code APE : 9609Z H\u00e9bergeur OVH SAS2, [&hellip;]<\/p>\n","protected":false},"author":1,"featured_media":0,"parent":0,"menu_order":0,"comment_status":"closed","ping_status":"closed","template":"","meta":{"_et_pb_use_builder":"on","_et_pb_old_content":"","_et_gb_content_width":"","footnotes":""},"class_list":["post-1012","page","type-page","status-publish","hentry"],"_links":{"self":[{"href":"https:\/\/www.revelateur-de-talents.fr\/index.php\/wp-json\/wp\/v2\/pages\/1012","targetHints":{"allow":["GET"]}}],"collection":[{"href":"https:\/\/www.revelateur-de-talents.fr\/index.php\/wp-json\/wp\/v2\/pages"}],"about":[{"href":"https:\/\/www.revelateur-de-talents.fr\/index.php\/wp-json\/wp\/v2\/types\/page"}],"author":[{"embeddable":true,"href":"https:\/\/www.revelateur-de-talents.fr\/index.php\/wp-json\/wp\/v2\/users\/1"}],"replies":[{"embeddable":true,"href":"https:\/\/www.revelateur-de-talents.fr\/index.php\/wp-json\/wp\/v2\/comments?post=1012"}],"version-history":[{"count":44,"href":"https:\/\/www.revelateur-de-talents.fr\/index.php\/wp-json\/wp\/v2\/pages\/1012\/revisions"}],"predecessor-version":[{"id":2690,"href":"https:\/\/www.revelateur-de-talents.fr\/index.php\/wp-json\/wp\/v2\/pages\/1012\/revisions\/2690"}],"wp:attachment":[{"href":"https:\/\/www.revelateur-de-talents.fr\/index.php\/wp-json\/wp\/v2\/media?parent=1012"}],"curies":[{"name":"wp","href":"https:\/\/api.w.org\/{rel}","templated":true}]}}