{"id":1514,"date":"2020-08-30T17:12:38","date_gmt":"2020-08-30T15:12:38","guid":{"rendered":"http:\/\/www.revelateur-de-talents.fr\/?page_id=1514"},"modified":"2024-11-11T13:56:39","modified_gmt":"2024-11-11T12:56:39","slug":"contact","status":"publish","type":"page","link":"https:\/\/www.revelateur-de-talents.fr\/index.php\/contact\/","title":{"rendered":"Contact"},"content":{"rendered":"<p>[et_pb_section fb_built=\u00a0\u00bb1&Prime; next_background_color=\u00a0\u00bb#ffffff\u00a0\u00bb admin_label=\u00a0\u00bbDescription\u00a0\u00bb _builder_version=\u00a0\u00bb4.16&Prime; _module_preset=\u00a0\u00bbdefault\u00a0\u00bb background_color=\u00a0\u00bb#cce7f9&Prime; min_height=\u00a0\u00bb292px\u00a0\u00bb min_height_tablet=\u00a0\u00bb268px\u00a0\u00bb min_height_phone=\u00a0\u00bb348px\u00a0\u00bb min_height_last_edited=\u00a0\u00bbon|phone\u00a0\u00bb custom_margin=\u00a0\u00bb15px||22px||false|false\u00a0\u00bb custom_padding=\u00a0\u00bb||70px||false|false\u00a0\u00bb bottom_divider_style=\u00a0\u00bbwave2&Prime; bottom_divider_height=\u00a0\u00bb70px\u00a0\u00bb bottom_divider_height_tablet=\u00a0\u00bb72px\u00a0\u00bb bottom_divider_height_phone=\u00a0\u00bb55px\u00a0\u00bb bottom_divider_height_last_edited=\u00a0\u00bbon|phone\u00a0\u00bb da_disable_devices=\u00a0\u00bboff|off|off\u00a0\u00bb global_colors_info=\u00a0\u00bb{}\u00a0\u00bb da_is_popup=\u00a0\u00bboff\u00a0\u00bb da_exit_intent=\u00a0\u00bboff\u00a0\u00bb da_has_close=\u00a0\u00bbon\u00a0\u00bb da_alt_close=\u00a0\u00bboff\u00a0\u00bb da_dark_close=\u00a0\u00bboff\u00a0\u00bb da_not_modal=\u00a0\u00bbon\u00a0\u00bb da_is_singular=\u00a0\u00bboff\u00a0\u00bb da_with_loader=\u00a0\u00bboff\u00a0\u00bb da_has_shadow=\u00a0\u00bbon\u00a0\u00bb][et_pb_row _builder_version=\u00a0\u00bb4.16&Prime; _module_preset=\u00a0\u00bbdefault\u00a0\u00bb min_height_tablet=\u00a0\u00bb\u00a0\u00bb min_height_phone=\u00a0\u00bb\u00a0\u00bb min_height_last_edited=\u00a0\u00bbon|desktop\u00a0\u00bb custom_padding=\u00a0\u00bb||0px|||\u00a0\u00bb global_colors_info=\u00a0\u00bb{}\u00a0\u00bb][et_pb_column type=\u00a0\u00bb4_4&Prime; _builder_version=\u00a0\u00bb4.16&Prime; _module_preset=\u00a0\u00bbdefault\u00a0\u00bb global_colors_info=\u00a0\u00bb{}\u00a0\u00bb][et_pb_text _builder_version=\u00a0\u00bb4.16&Prime; _module_preset=\u00a0\u00bbdefault\u00a0\u00bb text_text_color=\u00a0\u00bb#666666&Prime; ul_font_size=\u00a0\u00bb17px\u00a0\u00bb header_2_letter_spacing=\u00a0\u00bb1px\u00a0\u00bb header_2_line_height=\u00a0\u00bb1.1em\u00a0\u00bb custom_margin=\u00a0\u00bb||20px|||\u00a0\u00bb custom_padding=\u00a0\u00bb||29px|0px||\u00a0\u00bb text_font_size_tablet=\u00a0\u00bb14px\u00a0\u00bb text_font_size_phone=\u00a0\u00bb\u00a0\u00bb text_font_size_last_edited=\u00a0\u00bbon|phone\u00a0\u00bb ul_font_size_tablet=\u00a0\u00bb14px\u00a0\u00bb ul_font_size_phone=\u00a0\u00bb\u00a0\u00bb ul_font_size_last_edited=\u00a0\u00bbon|desktop\u00a0\u00bb header_font_size_tablet=\u00a0\u00bb\u00a0\u00bb header_font_size_phone=\u00a0\u00bb20px\u00a0\u00bb header_font_size_last_edited=\u00a0\u00bbon|phone\u00a0\u00bb header_2_font_size_tablet=\u00a0\u00bb\u00a0\u00bb header_2_font_size_phone=\u00a0\u00bb19px\u00a0\u00bb header_2_font_size_last_edited=\u00a0\u00bbon|phone\u00a0\u00bb header_2_line_height_tablet=\u00a0\u00bb\u00a0\u00bb header_2_line_height_phone=\u00a0\u00bb\u00a0\u00bb header_2_line_height_last_edited=\u00a0\u00bbon|tablet\u00a0\u00bb global_colors_info=\u00a0\u00bb{}\u00a0\u00bb]<\/p>\n<h1>LOCALISATION ET CONTACT<\/h1>\n<p>Mon cabinet est situ\u00e9 au :<\/p>\n<p style=\"padding-left: 30px;\">56 rue Louis Cr\u00e9tois<br \/>72100 Le Mans.<\/p>\n<p style=\"padding-left: 30px;\">Tel : 06 40 52 98 08<br \/><a href=\"mailto:sophie@revelateur-de-talents.fr\">revelateurdetalents@outlook.fr<\/a><\/p>\n<p>[\/et_pb_text][et_pb_map address=\u00a0\u00bb56 Rue Louis Cr\u00e9tois, 72100 Le Mans, France\u00a0\u00bb zoom_level=\u00a0\u00bb16&Prime; address_lat=\u00a0\u00bb47.984841236306&Prime; address_lng=\u00a0\u00bb0.20561435767212&Prime; _builder_version=\u00a0\u00bb4.16&Prime; _module_preset=\u00a0\u00bbdefault\u00a0\u00bb max_width=\u00a0\u00bb70%\u00a0\u00bb max_width_tablet=\u00a0\u00bb90%\u00a0\u00bb max_width_phone=\u00a0\u00bb100%\u00a0\u00bb max_width_last_edited=\u00a0\u00bbon|phone\u00a0\u00bb module_alignment=\u00a0\u00bbcenter\u00a0\u00bb global_colors_info=\u00a0\u00bb{}\u00a0\u00bb][et_pb_map_pin title=\u00a0\u00bbCabinet R\u00e9v\u00e9lateur de talents\u00a0\u00bb pin_address=\u00a0\u00bb56 Rue Louis Cr\u00e9tois, 72100 Le Mans, France\u00a0\u00bb zoom_level=\u00a0\u00bb16&Prime; pin_address_lat=\u00a0\u00bb47.984931&Prime; pin_address_lng=\u00a0\u00bb0.2055929&Prime; _builder_version=\u00a0\u00bb4.6.0&Prime; _module_preset=\u00a0\u00bbdefault\u00a0\u00bb global_colors_info=\u00a0\u00bb{}\u00a0\u00bb]<\/p>\n<p>Accompagnements en Bilan de comp\u00e9tences, bilan d&rsquo;orientation, Psychop\u00e9ddagogie positive, R\u00e9flexes archa\u00efques.<\/p>\n<p><a href=\"http:\/\/www.revelateur-de-talents.fr\" target=\"_blank\" rel=\"noopener noreferrer\" title=\"Cabinet R\u00e9v\u00e9lateur de talents\">www.revelateur-de-talents.fr<\/a><\/p>\n<p>[\/et_pb_map_pin][\/et_pb_map][et_pb_text _builder_version=\u00a0\u00bb4.22.2&Prime; _module_preset=\u00a0\u00bbdefault\u00a0\u00bb text_text_color=\u00a0\u00bb#666666&Prime; ul_font_size=\u00a0\u00bb17px\u00a0\u00bb header_2_letter_spacing=\u00a0\u00bb1px\u00a0\u00bb header_2_line_height=\u00a0\u00bb1.1em\u00a0\u00bb custom_margin=\u00a0\u00bb||20px|||\u00a0\u00bb custom_padding=\u00a0\u00bb||29px|0px||\u00a0\u00bb hover_enabled=\u00a0\u00bb0&Prime; text_font_size_tablet=\u00a0\u00bb14px\u00a0\u00bb text_font_size_phone=\u00a0\u00bb\u00a0\u00bb text_font_size_last_edited=\u00a0\u00bbon|phone\u00a0\u00bb ul_font_size_tablet=\u00a0\u00bb14px\u00a0\u00bb ul_font_size_phone=\u00a0\u00bb\u00a0\u00bb ul_font_size_last_edited=\u00a0\u00bbon|desktop\u00a0\u00bb header_font_size_tablet=\u00a0\u00bb\u00a0\u00bb header_font_size_phone=\u00a0\u00bb20px\u00a0\u00bb header_font_size_last_edited=\u00a0\u00bbon|phone\u00a0\u00bb header_2_font_size_tablet=\u00a0\u00bb\u00a0\u00bb header_2_font_size_phone=\u00a0\u00bb19px\u00a0\u00bb header_2_font_size_last_edited=\u00a0\u00bbon|phone\u00a0\u00bb header_2_line_height_tablet=\u00a0\u00bb\u00a0\u00bb header_2_line_height_phone=\u00a0\u00bb\u00a0\u00bb header_2_line_height_last_edited=\u00a0\u00bbon|tablet\u00a0\u00bb global_colors_info=\u00a0\u00bb{}\u00a0\u00bb sticky_enabled=\u00a0\u00bb0&Prime;]<\/p>\n<p>Vous pouvez aussi utiliser les transports en commun (r\u00e9seau Setram) pour me rejoindre :<\/p>\n<p style=\"padding-left: 30px;\">Lignes de tramway 1 et 2 \u2013 Arr\u00eat St Martin<br \/>Bus 5, 6, 21 &#8211; Arr\u00eat St Martin<br \/>Bus 14 \u2013 Arr\u00eat Bara<\/p>\n<p style=\"text-align: justify;\">Je re\u00e7ois tous les jours sur place.<\/p>\n<p style=\"text-align: justify;\">Pour les accompagnements en <strong>bilan d&rsquo;orientation<\/strong>, <strong>reconversion<\/strong>, <strong>\u00e9volution professionnelle<\/strong> ou <strong>Bilan de comp\u00e9tences<\/strong>, les rendez-vous peuvent \u00e9galement se faire par <span style=\"text-decoration: underline;\"><strong>Teams<\/strong> <\/span>ou par <span style=\"text-decoration: underline;\"><strong>t\u00e9l\u00e9phone<\/strong><\/span>.<\/p>\n<p style=\"text-align: justify;\">Quel que soit l\u2019accompagnement (enfant, adolescent, adulte), <span style=\"text-decoration: underline; color: #000000;\">la premi\u00e8re s\u00e9ance est offerte.<\/span><span style=\"color: #003366;\">\u00a0<\/span>En effet, il me para\u00eet important qu\u2019\u00e0 l\u2019issue de la premi\u00e8re rencontre, vous puissiez d\u00e9cider si l\u2019accompagnement que je vous propose correspond \u00e0 vos attentes et si mon approche r\u00e9pond \u00e0 vos besoins.<\/p>\n<p style=\"text-align: justify;\">Vous pouvez me contacter directement par t\u00e9l\u00e9phone ou par mail ou bien, \u00e0 votre convenance, utiliser le formulaire ci-dessous.<\/p>\n<p>[\/et_pb_text][\/et_pb_column][\/et_pb_row][\/et_pb_section][et_pb_section fb_built=\u00a0\u00bb1&Prime; admin_label=\u00a0\u00bbSection Pourquoi\u00a0\u00bb _builder_version=\u00a0\u00bb4.16&Prime; _module_preset=\u00a0\u00bbdefault\u00a0\u00bb custom_padding=\u00a0\u00bb0px||0px|||\u00a0\u00bb da_disable_devices=\u00a0\u00bboff|off|off\u00a0\u00bb global_colors_info=\u00a0\u00bb{}\u00a0\u00bb da_is_popup=\u00a0\u00bboff\u00a0\u00bb da_exit_intent=\u00a0\u00bboff\u00a0\u00bb da_has_close=\u00a0\u00bbon\u00a0\u00bb da_alt_close=\u00a0\u00bboff\u00a0\u00bb da_dark_close=\u00a0\u00bboff\u00a0\u00bb da_not_modal=\u00a0\u00bbon\u00a0\u00bb da_is_singular=\u00a0\u00bboff\u00a0\u00bb da_with_loader=\u00a0\u00bboff\u00a0\u00bb da_has_shadow=\u00a0\u00bbon\u00a0\u00bb][et_pb_row _builder_version=\u00a0\u00bb4.16&Prime; _module_preset=\u00a0\u00bbdefault\u00a0\u00bb width=\u00a0\u00bb90%\u00a0\u00bb max_width=\u00a0\u00bb100%\u00a0\u00bb custom_padding=\u00a0\u00bb11px|||||\u00a0\u00bb global_colors_info=\u00a0\u00bb{}\u00a0\u00bb][et_pb_column type=\u00a0\u00bb4_4&Prime; _builder_version=\u00a0\u00bb4.16&Prime; _module_preset=\u00a0\u00bbdefault\u00a0\u00bb global_colors_info=\u00a0\u00bb{}\u00a0\u00bb][et_pb_contact_form captcha=\u00a0\u00bboff\u00a0\u00bb email=\u00a0\u00bbserge@revelateur-de-talents.fr, revelateurdetalents@outlook.fr\u00a0\u00bb title=\u00a0\u00bbDEMANDE DE CONTACT\u00a0\u00bb custom_message=\u00a0\u00bbDemande de contact page CONTACTS :||et_pb_line_break_holder||||et_pb_line_break_holder||- Nom : %%name%%||et_pb_line_break_holder||- Email : %%Email%%||et_pb_line_break_holder||- T\u00e9l\u00e9phone : %%Telephone%%||et_pb_line_break_holder||- Objet : %%objet%%||et_pb_line_break_holder||||et_pb_line_break_holder||Message :||et_pb_line_break_holder||%%Message%%||et_pb_line_break_holder||||et_pb_line_break_holder||(c) Cabinet R\u00e9v\u00e9lateur de talents.||et_pb_line_break_holder||\u00a0\u00bb success_message=\u00a0\u00bbJe vous remercie pour votre message. Sans r\u00e9ponse de ma part sous 48 heures, n&rsquo;h\u00e9sitez pas \u00e0 me contacter au 06.40.52.98.08.\u00a0\u00bb submit_button_text=\u00a0\u00bbEnvoyer la demande\u00a0\u00bb _builder_version=\u00a0\u00bb4.18.0&Prime; _module_preset=\u00a0\u00bbdefault\u00a0\u00bb _unique_id=\u00a0\u00bb738b69e1-174c-48e0-a00d-076a8726808f\u00a0\u00bb custom_button=\u00a0\u00bbon\u00a0\u00bb button_border_radius=\u00a0\u00bb25px\u00a0\u00bb button_custom_margin=\u00a0\u00bb10px||||false|false\u00a0\u00bb global_colors_info=\u00a0\u00bb{}\u00a0\u00bb][et_pb_contact_field field_id=\u00a0\u00bbName\u00a0\u00bb field_title=\u00a0\u00bbVotre Nom*\u00a0\u00bb _builder_version=\u00a0\u00bb4.16&Prime; form_field_text_align=\u00a0\u00bbleft\u00a0\u00bb max_width=\u00a0\u00bb100%\u00a0\u00bb global_colors_info=\u00a0\u00bb{}\u00a0\u00bb button_text_size__hover_enabled=\u00a0\u00bboff\u00a0\u00bb button_one_text_size__hover_enabled=\u00a0\u00bboff\u00a0\u00bb button_two_text_size__hover_enabled=\u00a0\u00bboff\u00a0\u00bb button_text_color__hover_enabled=\u00a0\u00bboff\u00a0\u00bb button_one_text_color__hover_enabled=\u00a0\u00bboff\u00a0\u00bb button_two_text_color__hover_enabled=\u00a0\u00bboff\u00a0\u00bb button_border_width__hover_enabled=\u00a0\u00bboff\u00a0\u00bb button_one_border_width__hover_enabled=\u00a0\u00bboff\u00a0\u00bb button_two_border_width__hover_enabled=\u00a0\u00bboff\u00a0\u00bb button_border_color__hover_enabled=\u00a0\u00bboff\u00a0\u00bb button_one_border_color__hover_enabled=\u00a0\u00bboff\u00a0\u00bb button_two_border_color__hover_enabled=\u00a0\u00bboff\u00a0\u00bb button_border_radius__hover_enabled=\u00a0\u00bboff\u00a0\u00bb button_one_border_radius__hover_enabled=\u00a0\u00bboff\u00a0\u00bb button_two_border_radius__hover_enabled=\u00a0\u00bboff\u00a0\u00bb button_letter_spacing__hover_enabled=\u00a0\u00bboff\u00a0\u00bb button_one_letter_spacing__hover_enabled=\u00a0\u00bboff\u00a0\u00bb button_two_letter_spacing__hover_enabled=\u00a0\u00bboff\u00a0\u00bb button_bg_color__hover_enabled=\u00a0\u00bboff\u00a0\u00bb button_one_bg_color__hover_enabled=\u00a0\u00bboff\u00a0\u00bb button_two_bg_color__hover_enabled=\u00a0\u00bboff\u00a0\u00bb][\/et_pb_contact_field][et_pb_contact_field field_id=\u00a0\u00bbEmail\u00a0\u00bb field_title=\u00a0\u00bbVotre adresse e-mail*\u00a0\u00bb field_type=\u00a0\u00bbemail\u00a0\u00bb _builder_version=\u00a0\u00bb4.16&Prime; global_colors_info=\u00a0\u00bb{}\u00a0\u00bb button_text_size__hover_enabled=\u00a0\u00bboff\u00a0\u00bb button_one_text_size__hover_enabled=\u00a0\u00bboff\u00a0\u00bb button_two_text_size__hover_enabled=\u00a0\u00bboff\u00a0\u00bb button_text_color__hover_enabled=\u00a0\u00bboff\u00a0\u00bb button_one_text_color__hover_enabled=\u00a0\u00bboff\u00a0\u00bb button_two_text_color__hover_enabled=\u00a0\u00bboff\u00a0\u00bb button_border_width__hover_enabled=\u00a0\u00bboff\u00a0\u00bb button_one_border_width__hover_enabled=\u00a0\u00bboff\u00a0\u00bb button_two_border_width__hover_enabled=\u00a0\u00bboff\u00a0\u00bb button_border_color__hover_enabled=\u00a0\u00bboff\u00a0\u00bb button_one_border_color__hover_enabled=\u00a0\u00bboff\u00a0\u00bb button_two_border_color__hover_enabled=\u00a0\u00bboff\u00a0\u00bb button_border_radius__hover_enabled=\u00a0\u00bboff\u00a0\u00bb button_one_border_radius__hover_enabled=\u00a0\u00bboff\u00a0\u00bb button_two_border_radius__hover_enabled=\u00a0\u00bboff\u00a0\u00bb button_letter_spacing__hover_enabled=\u00a0\u00bboff\u00a0\u00bb button_one_letter_spacing__hover_enabled=\u00a0\u00bboff\u00a0\u00bb button_two_letter_spacing__hover_enabled=\u00a0\u00bboff\u00a0\u00bb button_bg_color__hover_enabled=\u00a0\u00bboff\u00a0\u00bb button_one_bg_color__hover_enabled=\u00a0\u00bboff\u00a0\u00bb button_two_bg_color__hover_enabled=\u00a0\u00bboff\u00a0\u00bb][\/et_pb_contact_field][et_pb_contact_field field_id=\u00a0\u00bbTelephone\u00a0\u00bb field_title=\u00a0\u00bbVotre num\u00e9ro de t\u00e9l\u00e9phone\u00a0\u00bb required_mark=\u00a0\u00bboff\u00a0\u00bb _builder_version=\u00a0\u00bb4.16&Prime; _module_preset=\u00a0\u00bbdefault\u00a0\u00bb global_colors_info=\u00a0\u00bb{}\u00a0\u00bb][\/et_pb_contact_field][et_pb_contact_field field_id=\u00a0\u00bbobjet\u00a0\u00bb field_title=\u00a0\u00bbVous souhaitez me contacter pour*\u00a0\u00bb field_type=\u00a0\u00bbselect\u00a0\u00bb select_options=\u00a0\u00bb%91{%22value%22:%22Le Bilan de comp\u00e9tences%22,%22checked%22:0,%22dragID%22:-1},{%22value%22:%22Le bilan d&rsquo;orientation%22,%22checked%22:0,%22dragID%22:0},{%22value%22:%22La psychop\u00e9dagogie positive%22,%22checked%22:0,%22dragID%22:1},{%22value%22:%22Les r\u00e9flexes archa\u00efques%22,%22checked%22:0,%22dragID%22:2},{%22value%22:%22Un autre sujet%22,%22checked%22:0,%22dragID%22:3}%93&Prime; _builder_version=\u00a0\u00bb4.16&Prime; _module_preset=\u00a0\u00bbdefault\u00a0\u00bb global_colors_info=\u00a0\u00bb{}\u00a0\u00bb][\/et_pb_contact_field][et_pb_contact_field field_id=\u00a0\u00bbMessage\u00a0\u00bb field_title=\u00a0\u00bbVotre message ou votre question ici\u00a0\u00bb field_type=\u00a0\u00bbtext\u00a0\u00bb required_mark=\u00a0\u00bboff\u00a0\u00bb fullwidth_field=\u00a0\u00bbon\u00a0\u00bb _builder_version=\u00a0\u00bb4.16&Prime; global_colors_info=\u00a0\u00bb{}\u00a0\u00bb button_text_size__hover_enabled=\u00a0\u00bboff\u00a0\u00bb button_one_text_size__hover_enabled=\u00a0\u00bboff\u00a0\u00bb button_two_text_size__hover_enabled=\u00a0\u00bboff\u00a0\u00bb button_text_color__hover_enabled=\u00a0\u00bboff\u00a0\u00bb button_one_text_color__hover_enabled=\u00a0\u00bboff\u00a0\u00bb button_two_text_color__hover_enabled=\u00a0\u00bboff\u00a0\u00bb button_border_width__hover_enabled=\u00a0\u00bboff\u00a0\u00bb button_one_border_width__hover_enabled=\u00a0\u00bboff\u00a0\u00bb button_two_border_width__hover_enabled=\u00a0\u00bboff\u00a0\u00bb button_border_color__hover_enabled=\u00a0\u00bboff\u00a0\u00bb button_one_border_color__hover_enabled=\u00a0\u00bboff\u00a0\u00bb button_two_border_color__hover_enabled=\u00a0\u00bboff\u00a0\u00bb button_border_radius__hover_enabled=\u00a0\u00bboff\u00a0\u00bb button_one_border_radius__hover_enabled=\u00a0\u00bboff\u00a0\u00bb button_two_border_radius__hover_enabled=\u00a0\u00bboff\u00a0\u00bb button_letter_spacing__hover_enabled=\u00a0\u00bboff\u00a0\u00bb button_one_letter_spacing__hover_enabled=\u00a0\u00bboff\u00a0\u00bb button_two_letter_spacing__hover_enabled=\u00a0\u00bboff\u00a0\u00bb button_bg_color__hover_enabled=\u00a0\u00bboff\u00a0\u00bb button_one_bg_color__hover_enabled=\u00a0\u00bboff\u00a0\u00bb button_two_bg_color__hover_enabled=\u00a0\u00bboff\u00a0\u00bb][\/et_pb_contact_field][et_pb_contact_field field_id=\u00a0\u00bbConf\u00a0\u00bb field_title=\u00a0\u00bb  \u00a0\u00bb field_type=\u00a0\u00bbcheckbox\u00a0\u00bb checkbox_options=\u00a0\u00bb%91{%22value%22:%22En renseignant les \u00e9l\u00e9ments ci-dessus, vous reconnaissez avoir pris connaissance et accept\u00e9 notre %22,%22checked%22:0,%22dragID%22:-1,%22link_url%22:%22http:\/\/www.revelateur-de-talents.fr\/index.php\/mentions\/%22,%22link_text%22:%22politique de confidentialit\u00e9%22}%93&Prime; fullwidth_field=\u00a0\u00bbon\u00a0\u00bb _builder_version=\u00a0\u00bb4.16&Prime; _module_preset=\u00a0\u00bbdefault\u00a0\u00bb global_colors_info=\u00a0\u00bb{}\u00a0\u00bb][\/et_pb_contact_field][\/et_pb_contact_form][\/et_pb_column][\/et_pb_row][\/et_pb_section]<\/p>\n<span class=\"et_bloom_bottom_trigger\"><\/span>","protected":false},"excerpt":{"rendered":"<p>LOCALISATION ET CONTACT Mon cabinet est situ\u00e9 au : 56 rue Louis Cr\u00e9tois72100 Le Mans. Tel : 06 40 52 98 08revelateurdetalents@outlook.frAccompagnements en Bilan de comp\u00e9tences, bilan d&rsquo;orientation, Psychop\u00e9ddagogie positive, R\u00e9flexes archa\u00efques. www.revelateur-de-talents.frVous pouvez aussi utiliser les transports en commun (r\u00e9seau Setram) pour me rejoindre : Lignes de tramway 1 et 2 \u2013 Arr\u00eat St [&hellip;]<\/p>\n","protected":false},"author":1,"featured_media":0,"parent":0,"menu_order":0,"comment_status":"closed","ping_status":"closed","template":"","meta":{"_et_pb_use_builder":"on","_et_pb_old_content":"","_et_gb_content_width":"","footnotes":""},"class_list":["post-1514","page","type-page","status-publish","hentry"],"_links":{"self":[{"href":"https:\/\/www.revelateur-de-talents.fr\/index.php\/wp-json\/wp\/v2\/pages\/1514","targetHints":{"allow":["GET"]}}],"collection":[{"href":"https:\/\/www.revelateur-de-talents.fr\/index.php\/wp-json\/wp\/v2\/pages"}],"about":[{"href":"https:\/\/www.revelateur-de-talents.fr\/index.php\/wp-json\/wp\/v2\/types\/page"}],"author":[{"embeddable":true,"href":"https:\/\/www.revelateur-de-talents.fr\/index.php\/wp-json\/wp\/v2\/users\/1"}],"replies":[{"embeddable":true,"href":"https:\/\/www.revelateur-de-talents.fr\/index.php\/wp-json\/wp\/v2\/comments?post=1514"}],"version-history":[{"count":24,"href":"https:\/\/www.revelateur-de-talents.fr\/index.php\/wp-json\/wp\/v2\/pages\/1514\/revisions"}],"predecessor-version":[{"id":2621,"href":"https:\/\/www.revelateur-de-talents.fr\/index.php\/wp-json\/wp\/v2\/pages\/1514\/revisions\/2621"}],"wp:attachment":[{"href":"https:\/\/www.revelateur-de-talents.fr\/index.php\/wp-json\/wp\/v2\/media?parent=1514"}],"curies":[{"name":"wp","href":"https:\/\/api.w.org\/{rel}","templated":true}]}}